{"id":148,"date":"2024-09-13T14:11:42","date_gmt":"2024-09-13T14:11:42","guid":{"rendered":"https:\/\/www.funklust.de\/cameta\/?page_id=148"},"modified":"2024-09-26T19:16:12","modified_gmt":"2024-09-26T18:16:12","slug":"sponsoren","status":"publish","type":"page","link":"https:\/\/www.funklust.de\/cameta\/sponsoren\/","title":{"rendered":"Sponsoren"},"content":{"rendered":"\n<h1 class=\"wp-block-heading\">Sponsoren, Spender und Kooperationspartner<\/h1>\n\n\n\n<p>Ohne Unterst\u00fctzer, Spender und Sponsoren, w\u00e4ren die Campusmedientage nicht m\u00f6glich. Ob Referent:innen, Schlie\u00dfdienst, R\u00e4ume oder Sach-Spenden&#8230; Jeder einzelne Beitrag erm\u00f6glicht es, dass die Campusmedientage stattfinden k\u00f6nnen. Vielen Dank an:<\/p>\n\n\n\n<ul class=\"wp-block-list\">\n<li>Bayerische Landeszentrale f\u00fcr Neue Medien (BLM)<\/li>\n\n\n\n<li>B\u00e4ckerei-Konditorei Pickelmann KG<\/li>\n\n\n\n<li>Der Beck GmbH<\/li>\n\n\n\n<li>FAU Alumni Management<\/li>\n\n\n\n<li>Fachschaftsvertretung der technischen Fakult\u00e4t<\/li>\n\n\n\n<li>Initiative Pro Campus-Presse<\/li>\n\n\n\n<li>Institut f\u00fcr Theater- und Medienwissenschaft<\/li>\n\n\n\n<li>max neo<\/li>\n\n\n\n<li>Pleitegeier<\/li>\n\n\n\n<li>Siemens Healthineers AG<\/li>\n\n\n\n<li>Stadt Erlangen<\/li>\n\n\n\n<li>Steinbach Br\u00e4u<\/li>\n\n\n\n<li>Sternla Bier GmbH<\/li>\n\n\n\n<li>Stiftung BILDUNG &amp; KUNST<\/li>\n\n\n\n<li>Studierendenvertretung der FAU<\/li>\n\n\n\n<li>Studierendenwerk Erlangen-N\u00fcrnberg A\u00f6R<\/li>\n\n\n\n<li>TIO Erlangen<\/li>\n\n\n\n<li>VR Bank Metropolregion N\u00fcrnberg eG<\/li>\n<\/ul>\n\n\n\n<p><\/p>\n\n\n\n<div class=\"wp-block-group is-nowrap is-layout-flex wp-container-core-group-is-layout-ad2f72ca wp-block-group-is-layout-flex\">\n<figure class=\"wp-block-image size-large is-resized\"><img loading=\"lazy\" decoding=\"async\" width=\"1024\" height=\"737\" src=\"https:\/\/www.funklust.de\/cameta\/wp-content\/uploads\/2024\/09\/Logo-BLM-1024x737.jpg\" alt=\"\" class=\"wp-image-353\" style=\"width:82px;height:auto\" srcset=\"https:\/\/www.funklust.de\/cameta\/wp-content\/uploads\/2024\/09\/Logo-BLM-1024x737.jpg 1024w, https:\/\/www.funklust.de\/cameta\/wp-content\/uploads\/2024\/09\/Logo-BLM-300x216.jpg 300w, https:\/\/www.funklust.de\/cameta\/wp-content\/uploads\/2024\/09\/Logo-BLM-768x553.jpg 768w, https:\/\/www.funklust.de\/cameta\/wp-content\/uploads\/2024\/09\/Logo-BLM.jpg 1500w\" sizes=\"auto, (max-width: 1024px) 100vw, 1024px\" \/><\/figure>\n\n\n\n<figure class=\"wp-block-image size-full is-resized\"><img loading=\"lazy\" decoding=\"async\" width=\"224\" height=\"224\" src=\"https:\/\/www.funklust.de\/cameta\/wp-content\/uploads\/2024\/09\/backerei-konditorei-pickelmann-kg-logo-xl.jpg\" alt=\"\" class=\"wp-image-440\" style=\"width:53px;height:auto\" srcset=\"https:\/\/www.funklust.de\/cameta\/wp-content\/uploads\/2024\/09\/backerei-konditorei-pickelmann-kg-logo-xl.jpg 224w, https:\/\/www.funklust.de\/cameta\/wp-content\/uploads\/2024\/09\/backerei-konditorei-pickelmann-kg-logo-xl-150x150.jpg 150w\" sizes=\"auto, (max-width: 224px) 100vw, 224px\" \/><\/figure>\n\n\n\n<figure class=\"wp-block-image size-large is-resized\"><img loading=\"lazy\" decoding=\"async\" width=\"1024\" height=\"433\" src=\"https:\/\/www.funklust.de\/cameta\/wp-content\/uploads\/2024\/09\/DerBeck_Logo-1024x433.png\" alt=\"\" class=\"wp-image-404\" style=\"width:61px;height:auto\" srcset=\"https:\/\/www.funklust.de\/cameta\/wp-content\/uploads\/2024\/09\/DerBeck_Logo-1024x433.png 1024w, https:\/\/www.funklust.de\/cameta\/wp-content\/uploads\/2024\/09\/DerBeck_Logo-300x127.png 300w, https:\/\/www.funklust.de\/cameta\/wp-content\/uploads\/2024\/09\/DerBeck_Logo-768x325.png 768w, https:\/\/www.funklust.de\/cameta\/wp-content\/uploads\/2024\/09\/DerBeck_Logo-1536x650.png 1536w, https:\/\/www.funklust.de\/cameta\/wp-content\/uploads\/2024\/09\/DerBeck_Logo.png 1772w\" sizes=\"auto, (max-width: 1024px) 100vw, 1024px\" \/><\/figure>\n\n\n\n<figure class=\"wp-block-image size-large is-resized\"><img loading=\"lazy\" decoding=\"async\" width=\"1024\" height=\"1024\" src=\"https:\/\/www.funklust.de\/cameta\/wp-content\/uploads\/2024\/09\/Logo-FAU-Alumni-1024x1024.jpg\" alt=\"\" class=\"wp-image-355\" style=\"width:61px;height:auto\" srcset=\"https:\/\/www.funklust.de\/cameta\/wp-content\/uploads\/2024\/09\/Logo-FAU-Alumni-1024x1024.jpg 1024w, https:\/\/www.funklust.de\/cameta\/wp-content\/uploads\/2024\/09\/Logo-FAU-Alumni-300x300.jpg 300w, https:\/\/www.funklust.de\/cameta\/wp-content\/uploads\/2024\/09\/Logo-FAU-Alumni-150x150.jpg 150w, https:\/\/www.funklust.de\/cameta\/wp-content\/uploads\/2024\/09\/Logo-FAU-Alumni-768x768.jpg 768w, https:\/\/www.funklust.de\/cameta\/wp-content\/uploads\/2024\/09\/Logo-FAU-Alumni.jpg 1080w\" sizes=\"auto, (max-width: 1024px) 100vw, 1024px\" \/><\/figure>\n\n\n\n<figure class=\"wp-block-image size-large is-resized\"><img loading=\"lazy\" decoding=\"async\" width=\"1024\" height=\"737\" src=\"https:\/\/www.funklust.de\/cameta\/wp-content\/uploads\/2024\/09\/Logo-Pro-Campuspresse-1024x737.jpg\" alt=\"\" class=\"wp-image-356\" style=\"width:99px;height:auto\" srcset=\"https:\/\/www.funklust.de\/cameta\/wp-content\/uploads\/2024\/09\/Logo-Pro-Campuspresse-1024x737.jpg 1024w, https:\/\/www.funklust.de\/cameta\/wp-content\/uploads\/2024\/09\/Logo-Pro-Campuspresse-300x216.jpg 300w, https:\/\/www.funklust.de\/cameta\/wp-content\/uploads\/2024\/09\/Logo-Pro-Campuspresse-768x553.jpg 768w, https:\/\/www.funklust.de\/cameta\/wp-content\/uploads\/2024\/09\/Logo-Pro-Campuspresse.jpg 1500w\" sizes=\"auto, (max-width: 1024px) 100vw, 1024px\" \/><\/figure>\n\n\n\n<figure class=\"wp-block-image size-large is-resized\"><img loading=\"lazy\" decoding=\"async\" width=\"1024\" height=\"1024\" src=\"https:\/\/www.funklust.de\/cameta\/wp-content\/uploads\/2024\/09\/Logo-ITM-1-1024x1024.jpg\" alt=\"\" class=\"wp-image-362\" style=\"width:65px;height:auto\" srcset=\"https:\/\/www.funklust.de\/cameta\/wp-content\/uploads\/2024\/09\/Logo-ITM-1-1024x1024.jpg 1024w, https:\/\/www.funklust.de\/cameta\/wp-content\/uploads\/2024\/09\/Logo-ITM-1-300x300.jpg 300w, https:\/\/www.funklust.de\/cameta\/wp-content\/uploads\/2024\/09\/Logo-ITM-1-150x150.jpg 150w, https:\/\/www.funklust.de\/cameta\/wp-content\/uploads\/2024\/09\/Logo-ITM-1-768x768.jpg 768w, https:\/\/www.funklust.de\/cameta\/wp-content\/uploads\/2024\/09\/Logo-ITM-1.jpg 1080w\" sizes=\"auto, (max-width: 1024px) 100vw, 1024px\" \/><\/figure>\n\n\n\n<figure class=\"wp-block-image size-large is-resized\"><img loading=\"lazy\" decoding=\"async\" width=\"1024\" height=\"737\" src=\"https:\/\/www.funklust.de\/cameta\/wp-content\/uploads\/2024\/09\/Logo-maxneo-1024x737.jpg\" alt=\"\" class=\"wp-image-367\" style=\"width:69px;height:auto\" srcset=\"https:\/\/www.funklust.de\/cameta\/wp-content\/uploads\/2024\/09\/Logo-maxneo-1024x737.jpg 1024w, https:\/\/www.funklust.de\/cameta\/wp-content\/uploads\/2024\/09\/Logo-maxneo-300x216.jpg 300w, https:\/\/www.funklust.de\/cameta\/wp-content\/uploads\/2024\/09\/Logo-maxneo-768x553.jpg 768w, https:\/\/www.funklust.de\/cameta\/wp-content\/uploads\/2024\/09\/Logo-maxneo.jpg 1500w\" sizes=\"auto, (max-width: 1024px) 100vw, 1024px\" \/><\/figure>\n\n\n\n<figure class=\"wp-block-image size-large is-resized\"><img loading=\"lazy\" decoding=\"async\" width=\"1024\" height=\"768\" src=\"https:\/\/www.funklust.de\/cameta\/wp-content\/uploads\/2024\/09\/97412219_2872553629518678_7055505749673246720_n-1024x768.jpg\" alt=\"\" class=\"wp-image-402\" style=\"width:62px;height:auto\" srcset=\"https:\/\/www.funklust.de\/cameta\/wp-content\/uploads\/2024\/09\/97412219_2872553629518678_7055505749673246720_n-1024x768.jpg 1024w, https:\/\/www.funklust.de\/cameta\/wp-content\/uploads\/2024\/09\/97412219_2872553629518678_7055505749673246720_n-300x225.jpg 300w, https:\/\/www.funklust.de\/cameta\/wp-content\/uploads\/2024\/09\/97412219_2872553629518678_7055505749673246720_n-768x576.jpg 768w, https:\/\/www.funklust.de\/cameta\/wp-content\/uploads\/2024\/09\/97412219_2872553629518678_7055505749673246720_n-1536x1152.jpg 1536w, https:\/\/www.funklust.de\/cameta\/wp-content\/uploads\/2024\/09\/97412219_2872553629518678_7055505749673246720_n.jpg 2048w\" sizes=\"auto, (max-width: 1024px) 100vw, 1024px\" \/><\/figure>\n\n\n\n<figure class=\"wp-block-image size-large is-resized\"><img loading=\"lazy\" decoding=\"async\" width=\"1024\" height=\"737\" src=\"https:\/\/www.funklust.de\/cameta\/wp-content\/uploads\/2024\/09\/Logo-Siemens-Healthineers-1024x737.jpg\" alt=\"\" class=\"wp-image-358\" style=\"width:101px;height:auto\" srcset=\"https:\/\/www.funklust.de\/cameta\/wp-content\/uploads\/2024\/09\/Logo-Siemens-Healthineers-1024x737.jpg 1024w, https:\/\/www.funklust.de\/cameta\/wp-content\/uploads\/2024\/09\/Logo-Siemens-Healthineers-300x216.jpg 300w, https:\/\/www.funklust.de\/cameta\/wp-content\/uploads\/2024\/09\/Logo-Siemens-Healthineers-768x553.jpg 768w, https:\/\/www.funklust.de\/cameta\/wp-content\/uploads\/2024\/09\/Logo-Siemens-Healthineers.jpg 1500w\" sizes=\"auto, (max-width: 1024px) 100vw, 1024px\" \/><\/figure>\n\n\n\n<figure class=\"wp-block-image size-large is-resized\"><img loading=\"lazy\" decoding=\"async\" width=\"1024\" height=\"1024\" src=\"https:\/\/www.funklust.de\/cameta\/wp-content\/uploads\/2024\/09\/Logo-Stadt-Erlangen-1024x1024.jpg\" alt=\"\" class=\"wp-image-359\" style=\"width:62px;height:auto\" srcset=\"https:\/\/www.funklust.de\/cameta\/wp-content\/uploads\/2024\/09\/Logo-Stadt-Erlangen-1024x1024.jpg 1024w, https:\/\/www.funklust.de\/cameta\/wp-content\/uploads\/2024\/09\/Logo-Stadt-Erlangen-300x300.jpg 300w, https:\/\/www.funklust.de\/cameta\/wp-content\/uploads\/2024\/09\/Logo-Stadt-Erlangen-150x150.jpg 150w, https:\/\/www.funklust.de\/cameta\/wp-content\/uploads\/2024\/09\/Logo-Stadt-Erlangen-768x768.jpg 768w, https:\/\/www.funklust.de\/cameta\/wp-content\/uploads\/2024\/09\/Logo-Stadt-Erlangen.jpg 1080w\" sizes=\"auto, (max-width: 1024px) 100vw, 1024px\" \/><\/figure>\n\n\n\n<figure class=\"wp-block-image size-large is-resized\"><img loading=\"lazy\" decoding=\"async\" width=\"1024\" height=\"799\" src=\"https:\/\/www.funklust.de\/cameta\/wp-content\/uploads\/2024\/09\/Steinbach-Braeu-Logo-1024x799.png\" alt=\"\" class=\"wp-image-401\" style=\"width:64px;height:auto\" srcset=\"https:\/\/www.funklust.de\/cameta\/wp-content\/uploads\/2024\/09\/Steinbach-Braeu-Logo-1024x799.png 1024w, https:\/\/www.funklust.de\/cameta\/wp-content\/uploads\/2024\/09\/Steinbach-Braeu-Logo-300x234.png 300w, https:\/\/www.funklust.de\/cameta\/wp-content\/uploads\/2024\/09\/Steinbach-Braeu-Logo-768x599.png 768w, https:\/\/www.funklust.de\/cameta\/wp-content\/uploads\/2024\/09\/Steinbach-Braeu-Logo.png 1376w\" sizes=\"auto, (max-width: 1024px) 100vw, 1024px\" \/><\/figure>\n\n\n\n<figure class=\"wp-block-image size-large is-resized\"><img loading=\"lazy\" decoding=\"async\" width=\"1024\" height=\"1024\" src=\"https:\/\/www.funklust.de\/cameta\/wp-content\/uploads\/2024\/09\/Logo-Sternla-1024x1024.jpg\" alt=\"\" class=\"wp-image-361\" style=\"width:65px;height:auto\" srcset=\"https:\/\/www.funklust.de\/cameta\/wp-content\/uploads\/2024\/09\/Logo-Sternla-1024x1024.jpg 1024w, https:\/\/www.funklust.de\/cameta\/wp-content\/uploads\/2024\/09\/Logo-Sternla-300x300.jpg 300w, https:\/\/www.funklust.de\/cameta\/wp-content\/uploads\/2024\/09\/Logo-Sternla-150x150.jpg 150w, https:\/\/www.funklust.de\/cameta\/wp-content\/uploads\/2024\/09\/Logo-Sternla-768x768.jpg 768w, https:\/\/www.funklust.de\/cameta\/wp-content\/uploads\/2024\/09\/Logo-Sternla.jpg 1080w\" sizes=\"auto, (max-width: 1024px) 100vw, 1024px\" \/><\/figure>\n\n\n\n<figure class=\"wp-block-image size-large is-resized\"><img loading=\"lazy\" decoding=\"async\" width=\"1024\" height=\"737\" src=\"https:\/\/www.funklust.de\/cameta\/wp-content\/uploads\/2024\/09\/Logo-Stiftung-Bildung-Kunst-1024x737.jpg\" alt=\"\" class=\"wp-image-363\" style=\"width:76px;height:auto\" srcset=\"https:\/\/www.funklust.de\/cameta\/wp-content\/uploads\/2024\/09\/Logo-Stiftung-Bildung-Kunst-1024x737.jpg 1024w, https:\/\/www.funklust.de\/cameta\/wp-content\/uploads\/2024\/09\/Logo-Stiftung-Bildung-Kunst-300x216.jpg 300w, https:\/\/www.funklust.de\/cameta\/wp-content\/uploads\/2024\/09\/Logo-Stiftung-Bildung-Kunst-768x553.jpg 768w, https:\/\/www.funklust.de\/cameta\/wp-content\/uploads\/2024\/09\/Logo-Stiftung-Bildung-Kunst.jpg 1500w\" sizes=\"auto, (max-width: 1024px) 100vw, 1024px\" \/><\/figure>\n\n\n\n<figure class=\"wp-block-image size-full is-resized\"><img loading=\"lazy\" decoding=\"async\" width=\"691\" height=\"250\" src=\"https:\/\/www.funklust.de\/cameta\/wp-content\/uploads\/2024\/09\/cropped-StuveLogo.png\" alt=\"\" class=\"wp-image-405\" style=\"width:68px;height:auto\" srcset=\"https:\/\/www.funklust.de\/cameta\/wp-content\/uploads\/2024\/09\/cropped-StuveLogo.png 691w, https:\/\/www.funklust.de\/cameta\/wp-content\/uploads\/2024\/09\/cropped-StuveLogo-300x109.png 300w\" sizes=\"auto, (max-width: 691px) 100vw, 691px\" \/><\/figure>\n\n\n\n<figure class=\"wp-block-image size-large is-resized\"><img loading=\"lazy\" decoding=\"async\" width=\"1024\" height=\"1024\" src=\"https:\/\/www.funklust.de\/cameta\/wp-content\/uploads\/2024\/09\/Logo-Studierendenwerk-1024x1024.jpg\" alt=\"\" class=\"wp-image-364\" style=\"width:68px;height:auto\" srcset=\"https:\/\/www.funklust.de\/cameta\/wp-content\/uploads\/2024\/09\/Logo-Studierendenwerk-1024x1024.jpg 1024w, https:\/\/www.funklust.de\/cameta\/wp-content\/uploads\/2024\/09\/Logo-Studierendenwerk-300x300.jpg 300w, https:\/\/www.funklust.de\/cameta\/wp-content\/uploads\/2024\/09\/Logo-Studierendenwerk-150x150.jpg 150w, https:\/\/www.funklust.de\/cameta\/wp-content\/uploads\/2024\/09\/Logo-Studierendenwerk-768x768.jpg 768w, https:\/\/www.funklust.de\/cameta\/wp-content\/uploads\/2024\/09\/Logo-Studierendenwerk.jpg 1080w\" sizes=\"auto, (max-width: 1024px) 100vw, 1024px\" \/><\/figure>\n\n\n\n<figure class=\"wp-block-image size-full is-resized\"><img loading=\"lazy\" decoding=\"async\" width=\"936\" height=\"673\" src=\"https:\/\/www.funklust.de\/cameta\/wp-content\/uploads\/2024\/09\/logo-tio.png\" alt=\"\" class=\"wp-image-443\" style=\"width:85px;height:auto\" srcset=\"https:\/\/www.funklust.de\/cameta\/wp-content\/uploads\/2024\/09\/logo-tio.png 936w, https:\/\/www.funklust.de\/cameta\/wp-content\/uploads\/2024\/09\/logo-tio-300x216.png 300w, https:\/\/www.funklust.de\/cameta\/wp-content\/uploads\/2024\/09\/logo-tio-768x552.png 768w\" sizes=\"auto, (max-width: 936px) 100vw, 936px\" \/><\/figure>\n\n\n\n<figure class=\"wp-block-image size-large is-resized\"><img loading=\"lazy\" decoding=\"async\" width=\"1024\" height=\"1024\" src=\"https:\/\/www.funklust.de\/cameta\/wp-content\/uploads\/2024\/09\/Logo-VR-Bank-1-1024x1024.jpg\" alt=\"\" class=\"wp-image-366\" style=\"width:62px;height:auto\" srcset=\"https:\/\/www.funklust.de\/cameta\/wp-content\/uploads\/2024\/09\/Logo-VR-Bank-1-1024x1024.jpg 1024w, https:\/\/www.funklust.de\/cameta\/wp-content\/uploads\/2024\/09\/Logo-VR-Bank-1-300x300.jpg 300w, https:\/\/www.funklust.de\/cameta\/wp-content\/uploads\/2024\/09\/Logo-VR-Bank-1-150x150.jpg 150w, https:\/\/www.funklust.de\/cameta\/wp-content\/uploads\/2024\/09\/Logo-VR-Bank-1-768x768.jpg 768w, https:\/\/www.funklust.de\/cameta\/wp-content\/uploads\/2024\/09\/Logo-VR-Bank-1.jpg 1080w\" sizes=\"auto, (max-width: 1024px) 100vw, 1024px\" \/><\/figure>\n<\/div>\n\n\n\n<p><\/p>\n\n\n\n<p>Ohne die langj\u00e4hrige Kooperation mit unseren Partnern, w\u00e4ren wir heute nicht da, wo wir sind und k\u00f6nnten an die Campusmedientage gar nicht erst denken. Ein ganz besonderer Dank geht an:<\/p>\n\n\n\n<ul class=\"wp-block-list\">\n<li>Friedrich-Alexander-Universit\u00e4t Erlangen-N\u00fcrnberg (FAU)<\/li>\n\n\n\n<li>Fraunhofer-Institut f\u00fcr Integrierte Schaltungen (IIS)<\/li>\n<\/ul>\n\n\n\n<div class=\"wp-block-group is-nowrap is-layout-flex wp-container-core-group-is-layout-ad2f72ca wp-block-group-is-layout-flex\">\n<figure class=\"wp-block-image size-large is-resized\"><img loading=\"lazy\" decoding=\"async\" width=\"1024\" height=\"737\" src=\"https:\/\/www.funklust.de\/cameta\/wp-content\/uploads\/2024\/09\/Logo-FAU-1024x737.jpg\" alt=\"\" class=\"wp-image-368\" style=\"width:115px;height:auto\" srcset=\"https:\/\/www.funklust.de\/cameta\/wp-content\/uploads\/2024\/09\/Logo-FAU-1024x737.jpg 1024w, https:\/\/www.funklust.de\/cameta\/wp-content\/uploads\/2024\/09\/Logo-FAU-300x216.jpg 300w, https:\/\/www.funklust.de\/cameta\/wp-content\/uploads\/2024\/09\/Logo-FAU-768x553.jpg 768w, https:\/\/www.funklust.de\/cameta\/wp-content\/uploads\/2024\/09\/Logo-FAU.jpg 1500w\" sizes=\"auto, (max-width: 1024px) 100vw, 1024px\" \/><\/figure>\n\n\n\n<figure class=\"wp-block-image size-large is-resized\"><img loading=\"lazy\" decoding=\"async\" width=\"1024\" height=\"737\" src=\"https:\/\/www.funklust.de\/cameta\/wp-content\/uploads\/2024\/09\/Logo-Fraunhofer-1024x737.jpg\" alt=\"\" class=\"wp-image-369\" style=\"width:153px;height:auto\" srcset=\"https:\/\/www.funklust.de\/cameta\/wp-content\/uploads\/2024\/09\/Logo-Fraunhofer-1024x737.jpg 1024w, https:\/\/www.funklust.de\/cameta\/wp-content\/uploads\/2024\/09\/Logo-Fraunhofer-300x216.jpg 300w, https:\/\/www.funklust.de\/cameta\/wp-content\/uploads\/2024\/09\/Logo-Fraunhofer-768x553.jpg 768w, https:\/\/www.funklust.de\/cameta\/wp-content\/uploads\/2024\/09\/Logo-Fraunhofer.jpg 1500w\" sizes=\"auto, (max-width: 1024px) 100vw, 1024px\" \/><\/figure>\n<\/div>\n","protected":false},"excerpt":{"rendered":"<p>Sponsoren, Spender und Kooperationspartner Ohne Unterst\u00fctzer, Spender und Sponsoren, w\u00e4ren die Campusmedientage nicht m\u00f6glich. Ob Referent:innen, Schlie\u00dfdienst, R\u00e4ume oder Sach-Spenden&#8230; Jeder einzelne Beitrag erm\u00f6glicht es, dass die Campusmedientage stattfinden k\u00f6nnen. Vielen Dank an: Ohne die langj\u00e4hrige Kooperation mit unseren Partnern, w\u00e4ren wir heute nicht da, wo wir sind und k\u00f6nnten an die Campusmedientage gar nicht erst denken. Ein ganz besonderer [&hellip;]<\/p>\n","protected":false},"author":1,"featured_media":0,"parent":0,"menu_order":0,"comment_status":"closed","ping_status":"closed","template":"page-templates\/full-width-container.php","meta":{"footnotes":""},"class_list":["post-148","page","type-page","status-publish","hentry"],"_links":{"self":[{"href":"https:\/\/www.funklust.de\/cameta\/wp-json\/wp\/v2\/pages\/148","targetHints":{"allow":["GET"]}}],"collection":[{"href":"https:\/\/www.funklust.de\/cameta\/wp-json\/wp\/v2\/pages"}],"about":[{"href":"https:\/\/www.funklust.de\/cameta\/wp-json\/wp\/v2\/types\/page"}],"author":[{"embeddable":true,"href":"https:\/\/www.funklust.de\/cameta\/wp-json\/wp\/v2\/users\/1"}],"replies":[{"embeddable":true,"href":"https:\/\/www.funklust.de\/cameta\/wp-json\/wp\/v2\/comments?post=148"}],"version-history":[{"count":21,"href":"https:\/\/www.funklust.de\/cameta\/wp-json\/wp\/v2\/pages\/148\/revisions"}],"predecessor-version":[{"id":445,"href":"https:\/\/www.funklust.de\/cameta\/wp-json\/wp\/v2\/pages\/148\/revisions\/445"}],"wp:attachment":[{"href":"https:\/\/www.funklust.de\/cameta\/wp-json\/wp\/v2\/media?parent=148"}],"curies":[{"name":"wp","href":"https:\/\/api.w.org\/{rel}","templated":true}]}}