{"id":31,"date":"2024-08-16T16:13:44","date_gmt":"2024-08-16T16:13:44","guid":{"rendered":"https:\/\/www.funklust.de\/cameta\/?page_id=31"},"modified":"2024-09-15T12:50:45","modified_gmt":"2024-09-15T11:50:45","slug":"programm","status":"publish","type":"page","link":"https:\/\/www.funklust.de\/cameta\/programm\/","title":{"rendered":"Programm"},"content":{"rendered":"\n<h1 class=\"wp-block-heading\">Programm<\/h1>\n\n\n\n<p>Im Vordergrund stehen Kennenlernen, Vernetzung und Spa\u00df. Au\u00dferdem werden Workshops zu verschiedenen journalistischen Themen angeboten. Am Samstag findet ein interaktiver Workshop zum zielgruppenorientierten Berichten statt.<\/p>\n\n\n\n<p>Anreise: Freitag 20.09.24 ab 16:00 Uhr<\/p>\n\n\n\n<p>Abreise: Sonntag 22.09.24 ab 14:00 Uhr<\/p>\n\n\n\n<figure class=\"wp-block-image size-large\"><img loading=\"lazy\" decoding=\"async\" width=\"1024\" height=\"1024\" src=\"https:\/\/www.funklust.de\/cameta\/wp-content\/uploads\/2024\/09\/programm-1024x1024.png\" alt=\"Programm\" class=\"wp-image-240\" srcset=\"https:\/\/www.funklust.de\/cameta\/wp-content\/uploads\/2024\/09\/programm-1024x1024.png 1024w, https:\/\/www.funklust.de\/cameta\/wp-content\/uploads\/2024\/09\/programm-300x300.png 300w, https:\/\/www.funklust.de\/cameta\/wp-content\/uploads\/2024\/09\/programm-150x150.png 150w, https:\/\/www.funklust.de\/cameta\/wp-content\/uploads\/2024\/09\/programm-768x768.png 768w, https:\/\/www.funklust.de\/cameta\/wp-content\/uploads\/2024\/09\/programm.png 1080w\" sizes=\"auto, (max-width: 1024px) 100vw, 1024px\" \/><\/figure>\n\n\n\n<div class=\"wp-block-group alignwide has-base-background-color has-background\" style=\"margin-top:0;margin-bottom:0;padding-top:var(--wp--preset--spacing--50);padding-right:var(--wp--preset--spacing--50);padding-bottom:var(--wp--preset--spacing--50);padding-left:var(--wp--preset--spacing--50)\"><div class=\"wp-block-group__inner-container is-layout-constrained wp-container-core-group-is-layout-9cf8f26d wp-block-group-is-layout-constrained\">\n<div class=\"wp-block-columns alignwide is-layout-flex wp-container-core-columns-is-layout-1a7dd963 wp-block-columns-is-layout-flex\">\n<div class=\"wp-block-column is-content-justification-left is-layout-constrained wp-container-core-column-is-layout-e94ce9af wp-block-column-is-layout-constrained\" style=\"flex-basis:50%\">\n<h2 class=\"wp-block-heading\">Freitag,<br>20.09.24<\/h2>\n<\/div>\n\n\n\n<div class=\"wp-block-column is-layout-flow wp-block-column-is-layout-flow\" style=\"flex-basis:60%\">\n<p class=\"has-heading-font-family has-x-large-font-size\" style=\"line-height:1.2\">Ankommen, Er\u00f6ffnung, Grillen<\/p>\n\n\n\n<div class=\"wp-block-columns is-layout-flex wp-container-core-columns-is-layout-b0e66f64 wp-block-columns-is-layout-flex\">\n<div class=\"wp-block-column is-layout-flow wp-block-column-is-layout-flow\">\n<p>Freitag, 20.09.2024 ab 16 Uhr: Anreise\/Check-In<\/p>\n\n\n\n<p>18:00 Uhr: Er\u00f6ffnungsveranstaltung mit Preisverleihung<br>&#8211;&gt; gr. H\u00f6rsaal, Bismarckstr. 1a<\/p>\n\n\n\n<p>20:00 Uhr: Gemeinsames Grillen<br>&#8211;&gt; EX, Wiese vor dem EX<\/p>\n<\/div>\n<\/div>\n<\/div>\n<\/div>\n<\/div><\/div>\n\n\n\n<div class=\"wp-block-group alignwide has-base-background-color has-background\" style=\"margin-top:0;margin-bottom:0;padding-top:var(--wp--preset--spacing--50);padding-right:var(--wp--preset--spacing--50);padding-bottom:var(--wp--preset--spacing--50);padding-left:var(--wp--preset--spacing--50)\"><div class=\"wp-block-group__inner-container is-layout-constrained wp-container-core-group-is-layout-9cf8f26d wp-block-group-is-layout-constrained\">\n<div class=\"wp-block-columns alignwide is-layout-flex wp-container-core-columns-is-layout-1a7dd963 wp-block-columns-is-layout-flex\">\n<div class=\"wp-block-column is-vertically-aligned-top is-content-justification-left is-layout-constrained wp-container-core-column-is-layout-e94ce9af wp-block-column-is-layout-constrained\" style=\"flex-basis:50%\">\n<h2 class=\"wp-block-heading\">Samstag,<br>21.09.24<\/h2>\n<\/div>\n\n\n\n<div class=\"wp-block-column is-layout-flow wp-block-column-is-layout-flow\" style=\"flex-basis:60%\">\n<p class=\"has-heading-font-family has-x-large-font-size\" style=\"line-height:1.2\">Wissen und Gesellschaft<\/p>\n\n\n\n<div class=\"wp-block-columns is-layout-flex wp-container-core-columns-is-layout-b0e66f64 wp-block-columns-is-layout-flex\">\n<div class=\"wp-block-column is-layout-flow wp-block-column-is-layout-flow\">\n<p>09:30 &#8211; 09:45 Uhr: Fr\u00fchst\u00fcck<br>&#8211;&gt; Bismarkstr. 1a; R\u00e4ume 9, 10 ,11, 91<\/p>\n\n\n\n<p>10:00 &#8211; 12:00 Uhr: Workshops<br>&#8211;&gt; PSG 3; R\u00e4ume 3, 4, 5, 6, 14, 15<\/p>\n\n\n\n<p>12:00 &#8211; 13:30 Uhr: Mittagessen<br>&#8211;&gt; Cafeteria Kochstra\u00dfe (neben PSG 3)<\/p>\n\n\n\n<p>13:30 &#8211; 20:00 Uhr: Zielgruppenorientiertes Berichten (Interaktiver Workshop)<br>&#8211;> Experimentiertheater (EX)<\/p>\n\n\n\n<p>20:00 Uhr: Biergarten<\/p>\n<\/div>\n<\/div>\n<\/div>\n<\/div>\n<\/div><\/div>\n\n\n\n<div class=\"wp-block-group alignwide has-base-background-color has-background\" style=\"margin-top:0;margin-bottom:0;padding-top:var(--wp--preset--spacing--50);padding-right:var(--wp--preset--spacing--50);padding-bottom:var(--wp--preset--spacing--50);padding-left:var(--wp--preset--spacing--50)\"><div class=\"wp-block-group__inner-container is-layout-constrained wp-container-core-group-is-layout-9cf8f26d wp-block-group-is-layout-constrained\">\n<div class=\"wp-block-columns alignwide is-layout-flex wp-container-core-columns-is-layout-1a7dd963 wp-block-columns-is-layout-flex\">\n<div class=\"wp-block-column is-content-justification-left is-layout-constrained wp-container-core-column-is-layout-e94ce9af wp-block-column-is-layout-constrained\" style=\"flex-basis:50%\">\n<h2 class=\"wp-block-heading\">Sonntag,<br>22.09.24<\/h2>\n<\/div>\n\n\n\n<div class=\"wp-block-column is-layout-flow wp-block-column-is-layout-flow\" style=\"flex-basis:60%\">\n<p class=\"has-heading-font-family has-x-large-font-size\" style=\"line-height:1.2\">Ausklingen lassen und in die Zukunft blicken<\/p>\n\n\n\n<div class=\"wp-block-columns is-layout-flex wp-container-core-columns-is-layout-b0e66f64 wp-block-columns-is-layout-flex\">\n<div class=\"wp-block-column is-layout-flow wp-block-column-is-layout-flow\">\n<p>09:00 &#8211; 10:30 Uhr: Fr\u00fchst\u00fcck<br>&#8211;&gt; PSG 3<\/p>\n\n\n\n<p>11:00 &#8211; 13:00 Uhr &#8211; Abschlussveranstaltung mit<br>Pr\u00e4sentation ausgew\u00e4hlter Ergebnisse vom Samstag<br>&#8211;&gt; Experimentiertheater (EX)<\/p>\n\n\n\n<p>Abreise: Sonntag 22.09.24 ab 14 Uhr<\/p>\n<\/div>\n<\/div>\n<\/div>\n<\/div>\n<\/div><\/div>\n\n\n\n<h2 class=\"wp-block-heading\">Lageplan<\/h2>\n\n\n\n<figure class=\"wp-block-image size-full\"><img loading=\"lazy\" decoding=\"async\" width=\"1024\" height=\"882\" src=\"https:\/\/www.funklust.de\/cameta\/wp-content\/uploads\/2024\/09\/2024-09-13-23_48_35-Window.png\" alt=\"\" class=\"wp-image-245\" srcset=\"https:\/\/www.funklust.de\/cameta\/wp-content\/uploads\/2024\/09\/2024-09-13-23_48_35-Window.png 1024w, https:\/\/www.funklust.de\/cameta\/wp-content\/uploads\/2024\/09\/2024-09-13-23_48_35-Window-300x258.png 300w, https:\/\/www.funklust.de\/cameta\/wp-content\/uploads\/2024\/09\/2024-09-13-23_48_35-Window-768x662.png 768w, https:\/\/www.funklust.de\/cameta\/wp-content\/uploads\/2024\/09\/2024-09-13-23_48_35-Window-220x190.png 220w\" sizes=\"auto, (max-width: 1024px) 100vw, 1024px\" \/><figcaption class=\"wp-element-caption\">Quelle: karte.fau.de<\/figcaption><\/figure>\n\n\n\n<p>Die Begr\u00fc\u00dfung\/Verabschiedung, die Workshops, Fr\u00fchst\u00fcck\/Mittagessen und das Grillen finden auf dem Gel\u00e4nde der Philosophischen Fakult\u00e4t zwischen Hindenburgstra\u00dfe, Bismarckstra\u00dfe und Kochstra\u00dfe statt.<\/p>\n\n\n\n<h3 class=\"wp-block-heading\">Begr\u00fc\u00dfung\/Abschluss<\/h3>\n\n\n\n<p>F\u00fcr die Auftaktveranstaltung sind wir im gr. H\u00f6rsaal in der Bismarckstr. 1a, die Abschlussveranstaltung ist im Experimentiertheater (EX).<\/p>\n\n\n\n<h3 class=\"wp-block-heading\">Futter<\/h3>\n\n\n\n<figure class=\"wp-block-table\"><table class=\"has-fixed-layout\"><tbody><tr><td><strong>Freitag<\/strong><\/td><td>Grillen<\/td><td>Wiese vor dem EX<\/td><\/tr><tr><td><strong>Samstag<\/strong><\/td><td>Fr\u00fchst\u00fcck<\/td><td>Bismarckstr. 1a<br>R\u00e4ume 9, 10, 11, 91<\/td><\/tr><tr><td><strong>Samstag<\/strong><\/td><td>Mittagessen<\/td><td>Cafeteria Kochstra\u00dfe<br>(neben PSG3)<\/td><\/tr><tr><td><strong>Samstag<\/strong><\/td><td>Biergarten<\/td><td>Entla&#8217;s Keller<\/td><\/tr><tr><td><strong>Sonntag<\/strong><\/td><td>Fr\u00fcst\u00fcck<\/td><td>PSG 3<\/td><\/tr><\/tbody><\/table><\/figure>\n\n\n\n<h3 class=\"wp-block-heading\">Workshops<\/h3>\n\n\n\n<figure class=\"wp-block-table\"><table class=\"has-fixed-layout\"><tbody><tr><td>Live-Moderation<\/td><td>Experimentiertheater (EX)<\/td><\/tr><tr><td>Wege in den Journalismus<\/td><td>gr. H\u00f6rsaal (Bismarckstr. 1a)<\/td><\/tr><tr><td>How To: Interview<\/td><td>PSG 3 &#8211; Raum 00.003<\/td><\/tr><tr><td>Social Media f\u00fcr Campusmedien<\/td><td>PSG 3 &#8211; Raum 00.004<\/td><\/tr><tr><td>Blattkritik<\/td><td>PSG 3 &#8211; Raum 00.005<\/td><\/tr><tr><td>Presserecht<\/td><td>PSG 3 &#8211; Raum 00.006<\/td><\/tr><tr><td>SEO f\u00fcr Einsteiger<\/td><td>PSG 3 &#8211; Raum 00.014<\/td><\/tr><tr><td>KI im Radio<\/td><td>PSG 3 &#8211; Raum 00.015<\/td><\/tr><\/tbody><\/table><\/figure>\n\n\n\n<p><\/p>\n","protected":false},"excerpt":{"rendered":"<p>Programm Im Vordergrund stehen Kennenlernen, Vernetzung und Spa\u00df. Au\u00dferdem werden Workshops zu verschiedenen journalistischen Themen angeboten. Am Samstag findet ein interaktiver Workshop zum zielgruppenorientierten Berichten statt. Anreise: Freitag 20.09.24 ab 16:00 Uhr Abreise: Sonntag 22.09.24 ab 14:00 Uhr Freitag,20.09.24 Ankommen, Er\u00f6ffnung, Grillen Freitag, 20.09.2024 ab 16 Uhr: Anreise\/Check-In 18:00 Uhr: Er\u00f6ffnungsveranstaltung mit Preisverleihung&#8211;&gt; gr. H\u00f6rsaal, Bismarckstr. 1a 20:00 Uhr: Gemeinsames [&hellip;]<\/p>\n","protected":false},"author":1,"featured_media":8,"parent":0,"menu_order":0,"comment_status":"closed","ping_status":"closed","template":"page-templates\/full-width-container.php","meta":{"footnotes":""},"class_list":["post-31","page","type-page","status-publish","has-post-thumbnail","hentry"],"_links":{"self":[{"href":"https:\/\/www.funklust.de\/cameta\/wp-json\/wp\/v2\/pages\/31","targetHints":{"allow":["GET"]}}],"collection":[{"href":"https:\/\/www.funklust.de\/cameta\/wp-json\/wp\/v2\/pages"}],"about":[{"href":"https:\/\/www.funklust.de\/cameta\/wp-json\/wp\/v2\/types\/page"}],"author":[{"embeddable":true,"href":"https:\/\/www.funklust.de\/cameta\/wp-json\/wp\/v2\/users\/1"}],"replies":[{"embeddable":true,"href":"https:\/\/www.funklust.de\/cameta\/wp-json\/wp\/v2\/comments?post=31"}],"version-history":[{"count":18,"href":"https:\/\/www.funklust.de\/cameta\/wp-json\/wp\/v2\/pages\/31\/revisions"}],"predecessor-version":[{"id":318,"href":"https:\/\/www.funklust.de\/cameta\/wp-json\/wp\/v2\/pages\/31\/revisions\/318"}],"wp:featuredmedia":[{"embeddable":true,"href":"https:\/\/www.funklust.de\/cameta\/wp-json\/wp\/v2\/media\/8"}],"wp:attachment":[{"href":"https:\/\/www.funklust.de\/cameta\/wp-json\/wp\/v2\/media?parent=31"}],"curies":[{"name":"wp","href":"https:\/\/api.w.org\/{rel}","templated":true}]}}