{"id":33,"date":"2024-09-13T15:22:46","date_gmt":"2024-09-13T15:22:46","guid":{"rendered":"https:\/\/www.funklust.de\/cameta\/?page_id=33"},"modified":"2024-09-17T18:33:01","modified_gmt":"2024-09-17T17:33:01","slug":"anreise","status":"publish","type":"page","link":"https:\/\/www.funklust.de\/cameta\/anreise\/","title":{"rendered":"Anreise"},"content":{"rendered":"\n<h1 class=\"wp-block-heading\">Anreise<\/h1>\n\n\n\n<p>Die Erlanger Innenstadt ist nicht sehr gro\u00df und die Strecke zu den CaMeTa Locations vom Bahnhof aus nicht sehr weit. <a href=\"https:\/\/stadtbus.estw.de\/de\/Aktuelles-Umleitungen\/Aktuelles-Umleitungen2\/Kostenloser-Innenstadtbereich.html\">In der Innenstadt-Zone f\u00e4hrt man kostenlos mit dem Bus (ESTW)!<\/a><\/p>\n\n\n\n<h2 class=\"wp-block-heading\">Check-In<\/h2>\n\n\n\n<p>Der Check-In ist im gr. H\u00f6rsaal in der &#8220;Alten Mathematik&#8221;, Bismarckstr. 1a (Nummer 3 im Lageplan Innenstadt). Wir sind ab 16:00 Uhr vor Ort. Solltet ihr fr\u00fcher anreisen oder nach 18:00 ankommen, schreibt uns bitte eine E-Mail (cameta@funklust.de) oder ruft uns an (+49 170 28 00 260).<\/p>\n\n\n\n<h2 class=\"wp-block-heading\">Big Picture<\/h2>\n\n\n\n<figure class=\"wp-block-image size-large\"><img loading=\"lazy\" decoding=\"async\" width=\"1024\" height=\"635\" src=\"https:\/\/www.funklust.de\/cameta\/wp-content\/uploads\/2024\/09\/2024-09-13-17_25_24-Window-1024x635.png\" alt=\"Map data from OpenStreetMap\" class=\"wp-image-210\" srcset=\"https:\/\/www.funklust.de\/cameta\/wp-content\/uploads\/2024\/09\/2024-09-13-17_25_24-Window-1024x635.png 1024w, https:\/\/www.funklust.de\/cameta\/wp-content\/uploads\/2024\/09\/2024-09-13-17_25_24-Window-300x186.png 300w, https:\/\/www.funklust.de\/cameta\/wp-content\/uploads\/2024\/09\/2024-09-13-17_25_24-Window-768x477.png 768w, https:\/\/www.funklust.de\/cameta\/wp-content\/uploads\/2024\/09\/2024-09-13-17_25_24-Window.png 1191w\" sizes=\"auto, (max-width: 1024px) 100vw, 1024px\" \/><figcaption class=\"wp-element-caption\">Map data from OpenStreetMap<\/figcaption><\/figure>\n\n\n\n<h2 class=\"wp-block-heading\">Innenstadt<\/h2>\n\n\n\n<figure class=\"wp-block-image size-full\"><img loading=\"lazy\" decoding=\"async\" width=\"970\" height=\"508\" src=\"https:\/\/www.funklust.de\/cameta\/wp-content\/uploads\/2024\/09\/2024-09-13-17_19_05-Window.png\" alt=\"Map data from OpenStreetMap\" class=\"wp-image-200\" srcset=\"https:\/\/www.funklust.de\/cameta\/wp-content\/uploads\/2024\/09\/2024-09-13-17_19_05-Window.png 970w, https:\/\/www.funklust.de\/cameta\/wp-content\/uploads\/2024\/09\/2024-09-13-17_19_05-Window-300x157.png 300w, https:\/\/www.funklust.de\/cameta\/wp-content\/uploads\/2024\/09\/2024-09-13-17_19_05-Window-768x402.png 768w\" sizes=\"auto, (max-width: 970px) 100vw, 970px\" \/><figcaption class=\"wp-element-caption\">Map data from OpenStreetMap<\/figcaption><\/figure>\n\n\n\n<p>[1] Bahnhof, [2] Turnhalle, [3] Er\u00f6ffnungsveranstaltung, [4] Workshops<br>blaue Markierung: Gro\u00dfparkplatz (Langzeit)<\/p>\n\n\n\n<h2 class=\"wp-block-heading\">Bahn und Bus<\/h2>\n\n\n\n<p>Wer mit der Bahn am (Haupt-)Bahnhof Erlangen aussteigt, nimmt den Weg Richtung Innenstadt zum Bahnhofsvorplatz. Schr\u00e4g rechts gegen\u00fcber f\u00e4hrt der Bus 299 &#8211; die kostenlose Citylinie.<\/p>\n\n\n\n<p>Die Haltestelle &#8220;Hindenburgstra\u00dfe&#8221; bringt euch direkt vor die Philosophische Fakult\u00e4t der FAU. Hier befindet z.B. das Audimax und das Experimentiertheater.<\/p>\n\n\n\n<p>Unser <strong>Check-In<\/strong> befindet sich im Geb\u00e4ude der alten Mathematik (Bismarckstr. 1a) im gr. H\u00f6rsaal, Raumnummer 00.014. Von der Haltestelle lauft ihr einfach die Stra\u00dfe zur\u00fcck nach S\u00fcden und auf der linken Seite ist das Geb\u00e4ude der alten Mathematik. Auch die Er\u00f6ffnungsveranstaltung ist im gr. H\u00f6rsaal.<\/p>\n\n\n\n<h2 class=\"wp-block-heading\">Auto<\/h2>\n\n\n\n<p>Grunds\u00e4tzlich ist eine Anreise mit dem Auto eher nicht zu empfehlen. Die Stadt versucht alles, damit man in Erlangen mit dem Auto nur schlecht vorankommt. Parkpl\u00e4tze sind rar und gerade im Umfeld der Uni kann es schwierig werden.<\/p>\n\n\n\n<p>Wer dennoch mit dem Auto anreisen m\u00f6chte, kann sich einen Parkplatz in der Kochstra\u00dfe suchen (z.T. geb\u00fchrenpflichtig, 19-08 Uhr und Sonntag frei) oder auf dem Gro\u00dfparkplatz hinter dem Bahnhof (geb\u00fchrenpflichtig) parken und mit dem kostenlosen Bus vom Bahnhof zur Fichtestra\u00dfe\/Hindenburgstra\u00dfe fahren. (Siehe Anreise Bahn\/Bus)<\/p>\n\n\n\n<p>Parkh\u00e4user in Erlangen sind recht teuer&#8230; Das n\u00e4chste Parkhaus ist an der Uni-Klinik und kostet 1\u20ac\/h mit 10\u20ac Maximalbetrag f\u00fcr 24h. <a href=\"https:\/\/www.uk-erlangen.de\/anfahrt-1\/\">Link zum UK<\/a> Vom Parkhaus zur Bismarckstr. 1a sind es ca. 400m.<\/p>\n\n\n\n<p>Erlangen liegt an der A73 mit \u00dcberleitungen von der A3, der A6 und der A9. Sinnvoll sind die Ausfahrten (A73!) &#8220;Erlangen Nord&#8221;  und &#8220;Erlangen Zentrum&#8221; (f\u00fcr Gro\u00dfparkplatz)<\/p>\n\n\n\n<h2 class=\"wp-block-heading\">Lageplan<\/h2>\n\n\n\n<figure class=\"wp-block-image size-full\"><img loading=\"lazy\" decoding=\"async\" width=\"1152\" height=\"1183\" src=\"https:\/\/www.funklust.de\/cameta\/wp-content\/uploads\/2024\/09\/Karte_PhilFak_v3.png\" alt=\"\" class=\"wp-image-325\" srcset=\"https:\/\/www.funklust.de\/cameta\/wp-content\/uploads\/2024\/09\/Karte_PhilFak_v3.png 1152w, https:\/\/www.funklust.de\/cameta\/wp-content\/uploads\/2024\/09\/Karte_PhilFak_v3-292x300.png 292w, https:\/\/www.funklust.de\/cameta\/wp-content\/uploads\/2024\/09\/Karte_PhilFak_v3-997x1024.png 997w, https:\/\/www.funklust.de\/cameta\/wp-content\/uploads\/2024\/09\/Karte_PhilFak_v3-768x789.png 768w\" sizes=\"auto, (max-width: 1152px) 100vw, 1152px\" \/><figcaption class=\"wp-element-caption\">Quelle: karte.fau.de<\/figcaption><\/figure>\n","protected":false},"excerpt":{"rendered":"<p>Anreise Die Erlanger Innenstadt ist nicht sehr gro\u00df und die Strecke zu den CaMeTa Locations vom Bahnhof aus nicht sehr weit. In der Innenstadt-Zone f\u00e4hrt man kostenlos mit dem Bus (ESTW)! Check-In Der Check-In ist im gr. H\u00f6rsaal in der &#8220;Alten Mathematik&#8221;, Bismarckstr. 1a (Nummer 3 im Lageplan Innenstadt). Wir sind ab 16:00 Uhr vor Ort. Solltet ihr fr\u00fcher anreisen [&hellip;]<\/p>\n","protected":false},"author":1,"featured_media":8,"parent":0,"menu_order":0,"comment_status":"closed","ping_status":"closed","template":"page-templates\/full-width-container.php","meta":{"footnotes":""},"class_list":["post-33","page","type-page","status-publish","has-post-thumbnail","hentry"],"_links":{"self":[{"href":"https:\/\/www.funklust.de\/cameta\/wp-json\/wp\/v2\/pages\/33","targetHints":{"allow":["GET"]}}],"collection":[{"href":"https:\/\/www.funklust.de\/cameta\/wp-json\/wp\/v2\/pages"}],"about":[{"href":"https:\/\/www.funklust.de\/cameta\/wp-json\/wp\/v2\/types\/page"}],"author":[{"embeddable":true,"href":"https:\/\/www.funklust.de\/cameta\/wp-json\/wp\/v2\/users\/1"}],"replies":[{"embeddable":true,"href":"https:\/\/www.funklust.de\/cameta\/wp-json\/wp\/v2\/comments?post=33"}],"version-history":[{"count":18,"href":"https:\/\/www.funklust.de\/cameta\/wp-json\/wp\/v2\/pages\/33\/revisions"}],"predecessor-version":[{"id":347,"href":"https:\/\/www.funklust.de\/cameta\/wp-json\/wp\/v2\/pages\/33\/revisions\/347"}],"wp:featuredmedia":[{"embeddable":true,"href":"https:\/\/www.funklust.de\/cameta\/wp-json\/wp\/v2\/media\/8"}],"wp:attachment":[{"href":"https:\/\/www.funklust.de\/cameta\/wp-json\/wp\/v2\/media?parent=33"}],"curies":[{"name":"wp","href":"https:\/\/api.w.org\/{rel}","templated":true}]}}