{"id":75,"date":"2024-09-12T22:50:47","date_gmt":"2024-09-12T22:50:47","guid":{"rendered":"https:\/\/www.funklust.de\/cameta\/?page_id=75"},"modified":"2024-09-15T12:37:52","modified_gmt":"2024-09-15T11:37:52","slug":"uebernachtung","status":"publish","type":"page","link":"https:\/\/www.funklust.de\/cameta\/uebernachtung\/","title":{"rendered":"\u00dcbernachtung"},"content":{"rendered":"\n<h1 class=\"wp-block-heading\">\u00dcbernachtung<\/h1>\n\n\n\n<p>Als \u00dcbernachtungsm\u00f6glichkeit haben wir eine Turnhalle in direkter Nachbarschaft (knapp 300m) der Workshop-R\u00e4ume organisiert. Bitte bringt Iso-Matte\/Luftmatratze und Schlafsack (und Ohrst\u00f6psel) mit.<\/p>\n\n\n\n<p>W\u00e4hrend der Workshops und der Er\u00f6ffnungs- bzw. Abschieds-Runden ist die Halle geschlossen, damit auch nichts wegkommt. Bei Notf\u00e4llen wendet euch an das Awareness-Team.<\/p>\n\n\n\n<h2 class=\"wp-block-heading\">Adresse\/Lageplan<\/h2>\n\n\n\n<p>Der Zugang zur Turnhalle ist von der Fichtestra\u00dfe aus m\u00f6glich. Hier gibt es einen Durchgang, der Eingang zur Turnhalle ist im Innenhof auf der rechten Seite.<\/p>\n\n\n\n<figure class=\"wp-block-image size-full\"><img loading=\"lazy\" decoding=\"async\" width=\"1024\" height=\"624\" src=\"https:\/\/www.funklust.de\/cameta\/wp-content\/uploads\/2024\/09\/Karte_Eingang_Turnhalle.png\" alt=\"\" class=\"wp-image-281\" srcset=\"https:\/\/www.funklust.de\/cameta\/wp-content\/uploads\/2024\/09\/Karte_Eingang_Turnhalle.png 1024w, https:\/\/www.funklust.de\/cameta\/wp-content\/uploads\/2024\/09\/Karte_Eingang_Turnhalle-300x183.png 300w, https:\/\/www.funklust.de\/cameta\/wp-content\/uploads\/2024\/09\/Karte_Eingang_Turnhalle-768x468.png 768w\" sizes=\"auto, (max-width: 1024px) 100vw, 1024px\" \/><\/figure>\n\n\n\n<p>Der Zugang zur Turnhalle ist w\u00e4hrend der Workshops und Begr\u00fc\u00dfungs-\/Abschlussveranstaltung nicht uneingeschr\u00e4nkt m\u00f6glich!<\/p>\n\n\n\n<h2 class=\"wp-block-heading\">Hausordnung<\/h2>\n\n\n\n<p>Die Hausordnung des Marie-Therese-Gymnasiums h\u00e4ngen wir aus, damit jeder einen Blick auf das Schmuckst\u00fcck werfen kann.<\/p>\n\n\n\n<p>Das wichtigste in K\u00fcrze:<\/p>\n\n\n\n<ul class=\"wp-block-list\">\n<li><strong>Das Rauchen ist auf dem gesamten Schulgel\u00e4nde &#8211; auch im Innenhof &#8211; verboten.<\/strong><\/li>\n\n\n\n<li>Die Turnhalle selbst darf nur mit sauberen Schuhen betreten werden. T\u00fcren d\u00fcrfen nicht verkeilt werden.<\/li>\n\n\n\n<li>Die Hausordnung weist au\u00dferdem darauf hin, Energie zu sparen und auf Sauberkeit zu achten.<\/li>\n<\/ul>\n\n\n\n<p><\/p>\n","protected":false},"excerpt":{"rendered":"<p>\u00dcbernachtung Als \u00dcbernachtungsm\u00f6glichkeit haben wir eine Turnhalle in direkter Nachbarschaft (knapp 300m) der Workshop-R\u00e4ume organisiert. Bitte bringt Iso-Matte\/Luftmatratze und Schlafsack (und Ohrst\u00f6psel) mit. W\u00e4hrend der Workshops und der Er\u00f6ffnungs- bzw. Abschieds-Runden ist die Halle geschlossen, damit auch nichts wegkommt. Bei Notf\u00e4llen wendet euch an das Awareness-Team. Adresse\/Lageplan Der Zugang zur Turnhalle ist von der Fichtestra\u00dfe aus m\u00f6glich. Hier gibt es [&hellip;]<\/p>\n","protected":false},"author":1,"featured_media":0,"parent":0,"menu_order":0,"comment_status":"closed","ping_status":"closed","template":"page-templates\/full-width-container.php","meta":{"footnotes":""},"class_list":["post-75","page","type-page","status-publish","hentry"],"_links":{"self":[{"href":"https:\/\/www.funklust.de\/cameta\/wp-json\/wp\/v2\/pages\/75","targetHints":{"allow":["GET"]}}],"collection":[{"href":"https:\/\/www.funklust.de\/cameta\/wp-json\/wp\/v2\/pages"}],"about":[{"href":"https:\/\/www.funklust.de\/cameta\/wp-json\/wp\/v2\/types\/page"}],"author":[{"embeddable":true,"href":"https:\/\/www.funklust.de\/cameta\/wp-json\/wp\/v2\/users\/1"}],"replies":[{"embeddable":true,"href":"https:\/\/www.funklust.de\/cameta\/wp-json\/wp\/v2\/comments?post=75"}],"version-history":[{"count":5,"href":"https:\/\/www.funklust.de\/cameta\/wp-json\/wp\/v2\/pages\/75\/revisions"}],"predecessor-version":[{"id":304,"href":"https:\/\/www.funklust.de\/cameta\/wp-json\/wp\/v2\/pages\/75\/revisions\/304"}],"wp:attachment":[{"href":"https:\/\/www.funklust.de\/cameta\/wp-json\/wp\/v2\/media?parent=75"}],"curies":[{"name":"wp","href":"https:\/\/api.w.org\/{rel}","templated":true}]}}