{"id":81,"date":"2024-09-12T22:50:36","date_gmt":"2024-09-12T22:50:36","guid":{"rendered":"https:\/\/www.funklust.de\/cameta\/?page_id=81"},"modified":"2024-09-18T12:13:12","modified_gmt":"2024-09-18T11:13:12","slug":"workshops","status":"publish","type":"page","link":"https:\/\/www.funklust.de\/cameta\/workshops\/","title":{"rendered":"Workshops"},"content":{"rendered":"\n<h1 class=\"wp-block-heading\">Workshops<\/h1>\n\n\n\n<h2 class=\"wp-block-heading\">Samstag &#8211; Vormittag<\/h2>\n\n\n\n<p>F\u00fcr die Workshops haben wir erfahrene ReferentInnen f\u00fcr die Campusmedientage gewinnen k\u00f6nnen. Wir haben &#8220;alte Hasen&#8221; aus dem Mediengesch\u00e4ft, aber auch einige &#8220;junge Wilde&#8221; dabei, die sich noch gut an die ersten Schritte in der Branche erinnern k\u00f6nnen.<\/p>\n\n\n\n<figure class=\"wp-block-image size-large\"><img loading=\"lazy\" decoding=\"async\" width=\"1024\" height=\"1024\" src=\"https:\/\/www.funklust.de\/cameta\/wp-content\/uploads\/2024\/09\/workshops-1024x1024.png\" alt=\"\" class=\"wp-image-239\" srcset=\"https:\/\/www.funklust.de\/cameta\/wp-content\/uploads\/2024\/09\/workshops-1024x1024.png 1024w, https:\/\/www.funklust.de\/cameta\/wp-content\/uploads\/2024\/09\/workshops-300x300.png 300w, https:\/\/www.funklust.de\/cameta\/wp-content\/uploads\/2024\/09\/workshops-150x150.png 150w, https:\/\/www.funklust.de\/cameta\/wp-content\/uploads\/2024\/09\/workshops-768x768.png 768w, https:\/\/www.funklust.de\/cameta\/wp-content\/uploads\/2024\/09\/workshops.png 1080w\" sizes=\"auto, (max-width: 1024px) 100vw, 1024px\" \/><\/figure>\n\n\n\n<div class=\"wp-block-buttons is-content-justification-center is-layout-flex wp-container-core-buttons-is-layout-16018d1d wp-block-buttons-is-layout-flex\">\n<div class=\"wp-block-button\"><a class=\"wp-block-button__link wp-element-button\">Der Workshop zu Presserecht muss leider entfallen.<br>Der Referent vertritt einen Kunden vor Gericht<\/a><\/div>\n<\/div>\n\n\n\n<hr class=\"wp-block-separator has-alpha-channel-opacity\"\/>\n\n\n\n<figure class=\"wp-block-gallery has-nested-images columns-2 is-cropped wp-block-gallery-1 is-layout-flex wp-block-gallery-is-layout-flex\">\n<figure class=\"wp-block-image size-large\"><img loading=\"lazy\" decoding=\"async\" width=\"576\" height=\"1024\" data-id=\"236\" src=\"https:\/\/www.funklust.de\/cameta\/wp-content\/uploads\/2024\/09\/5-576x1024.png\" alt=\"\" class=\"wp-image-236\" srcset=\"https:\/\/www.funklust.de\/cameta\/wp-content\/uploads\/2024\/09\/5-576x1024.png 576w, https:\/\/www.funklust.de\/cameta\/wp-content\/uploads\/2024\/09\/5-169x300.png 169w, https:\/\/www.funklust.de\/cameta\/wp-content\/uploads\/2024\/09\/5-768x1365.png 768w, https:\/\/www.funklust.de\/cameta\/wp-content\/uploads\/2024\/09\/5-864x1536.png 864w, https:\/\/www.funklust.de\/cameta\/wp-content\/uploads\/2024\/09\/5.png 1080w\" sizes=\"auto, (max-width: 576px) 100vw, 576px\" \/><\/figure>\n\n\n\n<figure class=\"wp-block-image size-large\"><img loading=\"lazy\" decoding=\"async\" width=\"576\" height=\"1024\" data-id=\"233\" src=\"https:\/\/www.funklust.de\/cameta\/wp-content\/uploads\/2024\/09\/2-576x1024.png\" alt=\"\" class=\"wp-image-233\" srcset=\"https:\/\/www.funklust.de\/cameta\/wp-content\/uploads\/2024\/09\/2-576x1024.png 576w, https:\/\/www.funklust.de\/cameta\/wp-content\/uploads\/2024\/09\/2-169x300.png 169w, https:\/\/www.funklust.de\/cameta\/wp-content\/uploads\/2024\/09\/2-768x1365.png 768w, https:\/\/www.funklust.de\/cameta\/wp-content\/uploads\/2024\/09\/2-864x1536.png 864w, https:\/\/www.funklust.de\/cameta\/wp-content\/uploads\/2024\/09\/2.png 1080w\" sizes=\"auto, (max-width: 576px) 100vw, 576px\" \/><\/figure>\n\n\n\n<figure class=\"wp-block-image size-large\"><img loading=\"lazy\" decoding=\"async\" width=\"576\" height=\"1024\" data-id=\"232\" src=\"https:\/\/www.funklust.de\/cameta\/wp-content\/uploads\/2024\/09\/1-576x1024.png\" alt=\"\" class=\"wp-image-232\" srcset=\"https:\/\/www.funklust.de\/cameta\/wp-content\/uploads\/2024\/09\/1-576x1024.png 576w, https:\/\/www.funklust.de\/cameta\/wp-content\/uploads\/2024\/09\/1-169x300.png 169w, https:\/\/www.funklust.de\/cameta\/wp-content\/uploads\/2024\/09\/1-768x1365.png 768w, https:\/\/www.funklust.de\/cameta\/wp-content\/uploads\/2024\/09\/1-864x1536.png 864w, https:\/\/www.funklust.de\/cameta\/wp-content\/uploads\/2024\/09\/1.png 1080w\" sizes=\"auto, (max-width: 576px) 100vw, 576px\" \/><\/figure>\n\n\n\n<figure class=\"wp-block-image size-large\"><img loading=\"lazy\" decoding=\"async\" width=\"576\" height=\"1024\" data-id=\"234\" src=\"https:\/\/www.funklust.de\/cameta\/wp-content\/uploads\/2024\/09\/3-576x1024.png\" alt=\"\" class=\"wp-image-234\" srcset=\"https:\/\/www.funklust.de\/cameta\/wp-content\/uploads\/2024\/09\/3-576x1024.png 576w, https:\/\/www.funklust.de\/cameta\/wp-content\/uploads\/2024\/09\/3-169x300.png 169w, https:\/\/www.funklust.de\/cameta\/wp-content\/uploads\/2024\/09\/3-768x1365.png 768w, https:\/\/www.funklust.de\/cameta\/wp-content\/uploads\/2024\/09\/3-864x1536.png 864w, https:\/\/www.funklust.de\/cameta\/wp-content\/uploads\/2024\/09\/3.png 1080w\" sizes=\"auto, (max-width: 576px) 100vw, 576px\" \/><\/figure>\n\n\n\n<figure class=\"wp-block-image size-large\"><img loading=\"lazy\" decoding=\"async\" width=\"576\" height=\"1024\" data-id=\"231\" src=\"https:\/\/www.funklust.de\/cameta\/wp-content\/uploads\/2024\/09\/6-576x1024.png\" alt=\"\" class=\"wp-image-231\" srcset=\"https:\/\/www.funklust.de\/cameta\/wp-content\/uploads\/2024\/09\/6-576x1024.png 576w, https:\/\/www.funklust.de\/cameta\/wp-content\/uploads\/2024\/09\/6-169x300.png 169w, https:\/\/www.funklust.de\/cameta\/wp-content\/uploads\/2024\/09\/6-768x1365.png 768w, https:\/\/www.funklust.de\/cameta\/wp-content\/uploads\/2024\/09\/6-864x1536.png 864w, https:\/\/www.funklust.de\/cameta\/wp-content\/uploads\/2024\/09\/6.png 1080w\" sizes=\"auto, (max-width: 576px) 100vw, 576px\" \/><\/figure>\n\n\n\n<figure class=\"wp-block-image size-large\"><img loading=\"lazy\" decoding=\"async\" width=\"576\" height=\"1024\" data-id=\"229\" src=\"https:\/\/www.funklust.de\/cameta\/wp-content\/uploads\/2024\/09\/8-576x1024.png\" alt=\"\" class=\"wp-image-229\" srcset=\"https:\/\/www.funklust.de\/cameta\/wp-content\/uploads\/2024\/09\/8-576x1024.png 576w, https:\/\/www.funklust.de\/cameta\/wp-content\/uploads\/2024\/09\/8-169x300.png 169w, https:\/\/www.funklust.de\/cameta\/wp-content\/uploads\/2024\/09\/8-768x1365.png 768w, https:\/\/www.funklust.de\/cameta\/wp-content\/uploads\/2024\/09\/8-864x1536.png 864w, https:\/\/www.funklust.de\/cameta\/wp-content\/uploads\/2024\/09\/8.png 1080w\" sizes=\"auto, (max-width: 576px) 100vw, 576px\" \/><\/figure>\n\n\n\n<figure class=\"wp-block-image size-large\"><img loading=\"lazy\" decoding=\"async\" width=\"576\" height=\"1024\" data-id=\"228\" src=\"https:\/\/www.funklust.de\/cameta\/wp-content\/uploads\/2024\/09\/7-576x1024.png\" alt=\"\" class=\"wp-image-228\" srcset=\"https:\/\/www.funklust.de\/cameta\/wp-content\/uploads\/2024\/09\/7-576x1024.png 576w, https:\/\/www.funklust.de\/cameta\/wp-content\/uploads\/2024\/09\/7-169x300.png 169w, https:\/\/www.funklust.de\/cameta\/wp-content\/uploads\/2024\/09\/7-768x1365.png 768w, https:\/\/www.funklust.de\/cameta\/wp-content\/uploads\/2024\/09\/7-864x1536.png 864w, https:\/\/www.funklust.de\/cameta\/wp-content\/uploads\/2024\/09\/7.png 1080w\" sizes=\"auto, (max-width: 576px) 100vw, 576px\" \/><\/figure>\n<\/figure>\n\n\n\n<h3 class=\"wp-block-heading\">Raumplan<\/h3>\n\n\n\n<figure class=\"wp-block-table\"><table class=\"has-fixed-layout\"><tbody><tr><td>Live-Moderation<\/td><td>Experimentiertheater (EX)<\/td><\/tr><tr><td>Wege in den Journalismus<\/td><td>gr. H\u00f6rsaal (Bismarckstr. 1a)<\/td><\/tr><tr><td>How To: Interview<\/td><td>PSG 3 &#8211; Raum 00.003<\/td><\/tr><tr><td>Social Media f\u00fcr Campusmedien<\/td><td>PSG 3 &#8211; Raum 00.004<\/td><\/tr><tr><td>Blattkritik<\/td><td>PSG 3 &#8211; Raum 00.005<\/td><\/tr><tr><td><s>Presserecht<\/s><\/td><td><s>PSG 3 &#8211; Raum 00.006<\/s><\/td><\/tr><tr><td>SEO f\u00fcr Einsteiger<\/td><td>PSG 3 &#8211; Raum 00.014<\/td><\/tr><tr><td>KI im Radio<\/td><td>PSG 3 &#8211; Raum 00.015<\/td><\/tr><\/tbody><\/table><\/figure>\n\n\n\n<h2 class=\"wp-block-heading\">Samstag &#8211; Nachmittag<\/h2>\n\n\n\n<p><strong>Treffpunkt Samstag, 13:30 Uhr im Experimentiertheater!<\/strong><\/p>\n\n\n\n<p>Im Interaktiven Workshop am Samstag Nachmittag geht es um das zielgruppenorientierte Berichten. In wild zusammengew\u00fcrfelten Kleingruppen erarbeiten wir zusammen, wie man die Zielgruppe optimal erreicht. Das Thema erfahrt ihr um 13:00 Uhr im Experimentiertheater!<\/p>\n\n\n\n<p>Die besten Ergebnisse stellen wir am Sonntag in der Abschlussveranstaltung vor.<\/p>\n\n\n\n<p>Mehr wird noch nicht verraten&#8230; Seid gespannt!<\/p>\n","protected":false},"excerpt":{"rendered":"<p>Workshops Samstag &#8211; Vormittag F\u00fcr die Workshops haben wir erfahrene ReferentInnen f\u00fcr die Campusmedientage gewinnen k\u00f6nnen. Wir haben &#8220;alte Hasen&#8221; aus dem Mediengesch\u00e4ft, aber auch einige &#8220;junge Wilde&#8221; dabei, die sich noch gut an die ersten Schritte in der Branche erinnern k\u00f6nnen. Raumplan Live-Moderation Experimentiertheater (EX) Wege in den Journalismus gr. H\u00f6rsaal (Bismarckstr. 1a) How To: Interview PSG 3 &#8211; [&hellip;]<\/p>\n","protected":false},"author":1,"featured_media":0,"parent":0,"menu_order":0,"comment_status":"closed","ping_status":"closed","template":"page-templates\/full-width-container.php","meta":{"footnotes":""},"class_list":["post-81","page","type-page","status-publish","hentry"],"_links":{"self":[{"href":"https:\/\/www.funklust.de\/cameta\/wp-json\/wp\/v2\/pages\/81","targetHints":{"allow":["GET"]}}],"collection":[{"href":"https:\/\/www.funklust.de\/cameta\/wp-json\/wp\/v2\/pages"}],"about":[{"href":"https:\/\/www.funklust.de\/cameta\/wp-json\/wp\/v2\/types\/page"}],"author":[{"embeddable":true,"href":"https:\/\/www.funklust.de\/cameta\/wp-json\/wp\/v2\/users\/1"}],"replies":[{"embeddable":true,"href":"https:\/\/www.funklust.de\/cameta\/wp-json\/wp\/v2\/comments?post=81"}],"version-history":[{"count":19,"href":"https:\/\/www.funklust.de\/cameta\/wp-json\/wp\/v2\/pages\/81\/revisions"}],"predecessor-version":[{"id":372,"href":"https:\/\/www.funklust.de\/cameta\/wp-json\/wp\/v2\/pages\/81\/revisions\/372"}],"wp:attachment":[{"href":"https:\/\/www.funklust.de\/cameta\/wp-json\/wp\/v2\/media?parent=81"}],"curies":[{"name":"wp","href":"https:\/\/api.w.org\/{rel}","templated":true}]}}